{"id":71,"date":"2023-01-13T10:08:41","date_gmt":"2023-01-13T09:08:41","guid":{"rendered":"https:\/\/quimbonal.art\/?page_id=71"},"modified":"2023-01-14T10:20:09","modified_gmt":"2023-01-14T09:20:09","slug":"escrits","status":"publish","type":"page","link":"https:\/\/quimbonal.art\/index.php\/escrits\/","title":{"rendered":"Escrits"},"content":{"rendered":"\n<h4 class=\"wp-block-heading\">COM HE ESDEVINGUT PIANISTA<\/h4>\n\n\n\n<p><mark style=\"background-color:rgba(0, 0, 0, 0)\" class=\"has-inline-color has-white-color\">.<\/mark><\/p>\n\n\n\n<p>Sempre he pensat que tocar el piano era tan senzill com asseure\u2019s i posar les mans damunt del teclat. Boja illusi\u00f3. Res m\u00e9s lluny de la meva intu\u00efci\u00f3.<br><br>Per obtenir un bon so cal seguir una s\u00e8rie de passos o etapes basats en exercicis preparatoris de la m\u00e0, el despertar de m\u00fasculs i grups musculars que tenim adormits i que mai hem desvetllat.<br><br>El proc\u00e9s \u00e9s lent per\u00f2 efica\u00e7 a llarg termini. En un m\u00f3n on tot va a un ritme ofegat, eixordador, Marie Ja\u00ebll ens brinda l\u2019oportunitat d\u2019asseure\u2019ns en una cadira baixa, d\u2019escoltar-nos, de guardar silenci i de buscar la manera, el cam\u00ed i el coneixement de les nostres facultats psicofisiol\u00f2giques, amagades en algun rac\u00f3 del nostre \u00e9sser.<br><br>Aix\u00f2 \u00e9s el que s\u2019anomena toucher. La recerca d\u2019un record, d\u2019un d\u00e9j\u00e0-vu que ens aporta una sensaci\u00f3 ef\u00edmera que cal retrobar constantment.<br><br>En efecte, tocar el piano pot esdevenir un fet simple. El problema o la dificultat es presenta quan ens preguntem qu\u00e8 podem fer amb l\u2019instrument, per qu\u00e8 toquem, qu\u00e8 busquem quan interpretem una pe\u00e7a, com ho podem fer per arribar de manera m\u00e9s profunda a l\u2019\u00e0nima del compositor? Com podem fer que el p\u00fablic vibri i participi del que pot ser un sentir compartit, un t\u00eate \u00e0 t\u00eate amb el que escolta?<br><br>Els recursos s\u00f3n molts i molt diversos: des de la tensi\u00f3-contratensi\u00f3 i el despertar de les sensacions t\u00e0ctils amb els exercicis fora del teclat (rodones, ellipsis, abduccions, etc.), al redre\u00e7ament de la tecla que prov\u00e9 del treball amb la cadira baixa, que ens allibera i ens ajuda a fer que el dit trobi aquella elasticitat justa i necess\u00e0ria per poder alliberar tot tipus de tensi\u00f3.<\/p>\n\n\n\n<figure class=\"wp-block-image size-full\"><img loading=\"lazy\" decoding=\"async\" width=\"756\" height=\"394\" src=\"https:\/\/quimbonal.art\/wp-content\/uploads\/2023\/01\/com_he_esdevingut_pianista.jpg\" alt=\"\" class=\"wp-image-9\" title=\"\u00a9Pere Rovira Fotograf\u00eda\" srcset=\"https:\/\/quimbonal.art\/wp-content\/uploads\/2023\/01\/com_he_esdevingut_pianista.jpg 756w, https:\/\/quimbonal.art\/wp-content\/uploads\/2023\/01\/com_he_esdevingut_pianista-300x156.jpg 300w\" sizes=\"auto, (max-width: 756px) 100vw, 756px\" \/><\/figure>\n\n\n\n<p><em>\u00ab\u00a0&#8230;Un bon atac prov\u00e9 d\u2019un pensament que s\u2019ha alliberat&#8230;\u00a0\u00bb (Mme. Bosch, deixebla de Marie Ja\u00ebll del llibre Art et Ma\u00eetrise des mouvements artistiques amb introducci\u00f3 d\u2019Eduardo del Pueyo)<\/em><br><br>El fet que es deriva d\u2019aquest proc\u00e9s \u00e9s el de la llibertat. Un tocar tocar lliurement nom\u00e9s s\u2019aconsegueix quan l\u2019individu arriba a un fort estat de puresa, quan no t\u00e9 cap obstacle ni distracci\u00f3 davant i pot tenir aquell contacte de la polpa del dit amb la tecla de manera lleugera per\u00f2 adherent, a fi de poder deixar una bona empremta digital sonora mostrant cada element en joc de la pe\u00e7a que s\u2019est\u00e0 interpretant.<br><br>Tot sembla f\u00e0cil a priori per\u00f2 el treball ha de ser constant i amb molta disciplina si volem aconseguir resultats satisfactoris. El fet de tocar, doncs, pot esdevenir art si genera una mec\u00e0nica de doble natura: org\u00e0nica i est\u00e8tica. \u00c9s una manera de trobar-nos amb nosaltres mateixos.<br><br>Cada dia ha de ser un retrobament amb les sensacions que, per for\u00e7a un professor iniciat a aquesta filosofia ens despertar\u00e0.<br><br>Despr\u00e9s d\u2019un temps, cadasc\u00fa segueix el seu cam\u00ed amb un estil propi per\u00f2 amb unes bases incontestables, fruit d\u2019anys d\u2019investigaci\u00f3 cient\u00edfica, de recerca i de troballes en la intervenci\u00f3 dels grups musculars que deriven del bra\u00e7, avantbra\u00e7 i esquena.<br><br>Jo encoratjo tots aquells que volen engrescar-se a seguir aquest cam\u00ed que siguin perseverants i que no defalleixin en el ritme de recerca i const\u00e0ncia.<\/p>\n\n\n\n<p><mark style=\"background-color:rgba(0, 0, 0, 0)\" class=\"has-inline-color has-white-color\">.<\/mark><\/p>\n","protected":false},"excerpt":{"rendered":"<p>COM HE ESDEVINGUT PIANISTA . Sempre he pensat que tocar el piano era tan senzill com asseure\u2019s i posar les mans damunt del teclat. Boja illusi\u00f3. Res m\u00e9s lluny de la meva intu\u00efci\u00f3. Per obtenir un bon so cal seguir una s\u00e8rie de passos o&hellip;<\/p>\n","protected":false},"author":1,"featured_media":0,"parent":0,"menu_order":0,"comment_status":"closed","ping_status":"closed","template":"","meta":{"_mi_skip_tracking":false,"footnotes":""},"class_list":["post-71","page","type-page","status-publish","hentry"],"_links":{"self":[{"href":"https:\/\/quimbonal.art\/index.php\/wp-json\/wp\/v2\/pages\/71","targetHints":{"allow":["GET"]}}],"collection":[{"href":"https:\/\/quimbonal.art\/index.php\/wp-json\/wp\/v2\/pages"}],"about":[{"href":"https:\/\/quimbonal.art\/index.php\/wp-json\/wp\/v2\/types\/page"}],"author":[{"embeddable":true,"href":"https:\/\/quimbonal.art\/index.php\/wp-json\/wp\/v2\/users\/1"}],"replies":[{"embeddable":true,"href":"https:\/\/quimbonal.art\/index.php\/wp-json\/wp\/v2\/comments?post=71"}],"version-history":[{"count":4,"href":"https:\/\/quimbonal.art\/index.php\/wp-json\/wp\/v2\/pages\/71\/revisions"}],"predecessor-version":[{"id":128,"href":"https:\/\/quimbonal.art\/index.php\/wp-json\/wp\/v2\/pages\/71\/revisions\/128"}],"wp:attachment":[{"href":"https:\/\/quimbonal.art\/index.php\/wp-json\/wp\/v2\/media?parent=71"}],"curies":[{"name":"wp","href":"https:\/\/api.w.org\/{rel}","templated":true}]}}