{"id":374,"date":"2024-09-28T17:22:15","date_gmt":"2024-09-28T15:22:15","guid":{"rendered":"https:\/\/quimbonal.art\/?page_id=374"},"modified":"2024-09-28T17:24:12","modified_gmt":"2024-09-28T15:24:12","slug":"concerts-2","status":"publish","type":"page","link":"https:\/\/quimbonal.art\/index.php\/fr\/concerts-2\/","title":{"rendered":"Concerts"},"content":{"rendered":"\n<p>11 octobre 2024 \u00e0 IGUALADA<\/p>\n\n\n\n<p>Afinpiano \u00e0 20 heures<\/p>\n\n\n\n<p>\u0152uvres de Bach, Mozart, Chopin, Schumann et Granados.<\/p>\n\n\n\n<p>Entr\u00e9e 10\u20ac.<\/p>\n\n\n\n<p>.<\/p>\n\n\n\n<p>24 novembre 2024 \u00e0 BARCELONE<\/p>\n\n\n\n<p>Un voyage en hiver<\/p>\n\n\n\n<p>Studio Barcelonapiano \u00e0 19 h.<\/p>\n\n\n\n<p>C\/Pallars 74<\/p>\n\n\n\n<p>\u0152uvres de Haydn, Mozart et Schubert<\/p>\n\n\n\n<p>Achetez vos billets \u00e0 l&rsquo;adresse suivante&nbsp;:<\/p>\n\n\n\n<p><a href=\"https:\/\/schubertiades.com\/home\/ID\/220\">https:\/\/schubertiades.com\/home\/ID\/220<\/a><\/p>\n\n\n\n<p>.<\/p>\n\n\n\n<p>21 d\u00e9cembre 2024 \u00e0 CARDEDEU<\/p>\n\n\n\n<p>Un voyage en hiver<\/p>\n\n\n\n<p>Pianissim, \u00e0 20h<\/p>\n\n\n\n<p>C\/ montseny,10<\/p>\n\n\n\n<p>\u0152uvres de Haydn, Mozart et Schubert<\/p>\n\n\n\n<p>Achetez vos billets \u00e0 l&rsquo;adresse suivante&nbsp;:<\/p>\n\n\n\n<p><a href=\"https:\/\/schubertiades.com\/home\/ID\/212\">https:\/\/schubertiades.com\/home\/ID\/212<\/a><\/p>\n\n\n\n<p>_____________________________________________________________________________<\/p>\n\n\n\n<div class=\"wp-block-group is-vertical is-layout-flex wp-container-core-group-is-layout-8cf370e7 wp-block-group-is-layout-flex\">\n<p class=\"has-vivid-cyan-blue-color has-text-color has-link-color wp-elements-d73d47f38ba648dfadd68f9855b2ec95\">6 Juillet 2024, Perelada<\/p>\n\n\n\n<p class=\"has-vivid-cyan-blue-color has-text-color has-link-color wp-elements-f7a91d03a083f8ca79215a900b42212f\">Salle au c\u00f4t\u00e9 du clo\u00eetre Saint Dom\u00e8nech. <\/p>\n\n\n\n<p class=\"has-vivid-cyan-blue-color has-text-color has-link-color wp-elements-b4adb53337c5d8c3a856f9726b079895\">Concert Moussorgski et vernissage d&rsquo;une exposition de tableaux.<\/p>\n\n\n\n<p class=\"has-vivid-cyan-blue-color has-text-color has-link-color wp-elements-40902c75923ed5a83b9ac5239a49c7e9\">.<\/p>\n<\/div>\n\n\n\n<div class=\"wp-block-group is-vertical is-layout-flex wp-container-core-group-is-layout-8cf370e7 wp-block-group-is-layout-flex\">\n<p class=\"has-vivid-cyan-blue-color has-text-color has-link-color wp-elements-45592872e9fa8d70dfdd6586777179c4\">19 Juillet 2024, Igualada<\/p>\n\n\n\n<p class=\"has-vivid-cyan-blue-color has-text-color has-link-color wp-elements-0f60a9a7246f8c1442a36f4291c0bded\">Concert dans la salle Afinpiano. <\/p>\n\n\n\n<p class=\"has-vivid-cyan-blue-color has-text-color has-link-color wp-elements-d1089213d55f57c39605c010dbde70f4\">Bach, Schumann et Moussorgski<\/p>\n<\/div>\n\n\n\n<p> .<\/p>\n","protected":false},"excerpt":{"rendered":"<p>11 octobre 2024 \u00e0 IGUALADA Afinpiano \u00e0 20 heures \u0152uvres de Bach, Mozart, Chopin, Schumann et Granados. Entr\u00e9e 10\u20ac. . 24 novembre 2024 \u00e0 BARCELONE Un voyage en hiver Studio Barcelonapiano \u00e0 19 h. C\/Pallars 74 \u0152uvres de Haydn, Mozart et Schubert Achetez vos billets&hellip;<\/p>\n","protected":false},"author":1,"featured_media":0,"parent":0,"menu_order":0,"comment_status":"closed","ping_status":"closed","template":"","meta":{"_mi_skip_tracking":false,"footnotes":""},"class_list":["post-374","page","type-page","status-publish","hentry"],"_links":{"self":[{"href":"https:\/\/quimbonal.art\/index.php\/wp-json\/wp\/v2\/pages\/374","targetHints":{"allow":["GET"]}}],"collection":[{"href":"https:\/\/quimbonal.art\/index.php\/wp-json\/wp\/v2\/pages"}],"about":[{"href":"https:\/\/quimbonal.art\/index.php\/wp-json\/wp\/v2\/types\/page"}],"author":[{"embeddable":true,"href":"https:\/\/quimbonal.art\/index.php\/wp-json\/wp\/v2\/users\/1"}],"replies":[{"embeddable":true,"href":"https:\/\/quimbonal.art\/index.php\/wp-json\/wp\/v2\/comments?post=374"}],"version-history":[{"count":2,"href":"https:\/\/quimbonal.art\/index.php\/wp-json\/wp\/v2\/pages\/374\/revisions"}],"predecessor-version":[{"id":379,"href":"https:\/\/quimbonal.art\/index.php\/wp-json\/wp\/v2\/pages\/374\/revisions\/379"}],"wp:attachment":[{"href":"https:\/\/quimbonal.art\/index.php\/wp-json\/wp\/v2\/media?parent=374"}],"curies":[{"name":"wp","href":"https:\/\/api.w.org\/{rel}","templated":true}]}}