{"id":352,"date":"2024-09-26T13:22:35","date_gmt":"2024-09-26T11:22:35","guid":{"rendered":"https:\/\/quimbonal.art\/?page_id=352"},"modified":"2024-09-28T19:10:06","modified_gmt":"2024-09-28T17:10:06","slug":"conciertos","status":"publish","type":"page","link":"https:\/\/quimbonal.art\/index.php\/es\/conciertos\/","title":{"rendered":"Conciertos"},"content":{"rendered":"\n<div class=\"wp-block-media-text is-stacked-on-mobile\"><figure class=\"wp-block-media-text__media\"><img loading=\"lazy\" decoding=\"async\" width=\"756\" height=\"425\" src=\"https:\/\/quimbonal.art\/wp-content\/uploads\/2024\/09\/Quim-Bonal-2014-05-Musique-espagnole-a-Paris-6-1.jpg\" alt=\"\" class=\"wp-image-381 size-full\" srcset=\"https:\/\/quimbonal.art\/wp-content\/uploads\/2024\/09\/Quim-Bonal-2014-05-Musique-espagnole-a-Paris-6-1.jpg 756w, https:\/\/quimbonal.art\/wp-content\/uploads\/2024\/09\/Quim-Bonal-2014-05-Musique-espagnole-a-Paris-6-1-300x169.jpg 300w\" sizes=\"auto, (max-width: 756px) 100vw, 756px\" \/><\/figure><div class=\"wp-block-media-text__content\">\n<div class=\"wp-block-group is-vertical is-layout-flex wp-container-core-group-is-layout-8cf370e7 wp-block-group-is-layout-flex\">\n<p><strong>11 \u00a0de octubre en IGUALADA<\/strong><\/p>\n\n\n\n<p>Afinpiano a las 8 de la tarde<\/p>\n\n\n\n<p>Obres de Bach, Mozart, Chopin, Schumann i Granados<\/p>\n\n\n\n<p>Entrada 10\u20ac<\/p>\n<\/div>\n<\/div><\/div>\n\n\n\n<div class=\"wp-block-group is-vertical is-layout-flex wp-container-core-group-is-layout-8cf370e7 wp-block-group-is-layout-flex\">\n<p><br>.<\/p>\n\n\n\n<p><br><strong>24 \u00a0de noviembre en BARCELONA<\/strong><\/p>\n<\/div>\n\n\n\n<div class=\"wp-block-group\"><div class=\"wp-block-group__inner-container is-layout-constrained wp-block-group-is-layout-constrained\"><\/div><\/div>\n\n\n\n<div class=\"wp-block-group\"><div class=\"wp-block-group__inner-container is-layout-constrained wp-block-group-is-layout-constrained\">\n<div class=\"wp-block-group is-vertical is-layout-flex wp-container-core-group-is-layout-8cf370e7 wp-block-group-is-layout-flex\">\n<p><em>Un viaje en invierno<\/em><\/p>\n\n\n\n<div class=\"wp-block-group is-vertical is-layout-flex wp-container-core-group-is-layout-8cf370e7 wp-block-group-is-layout-flex\">\n<p>Barcelonapiano studio a les 7 de la tarda<\/p>\n\n\n\n<p>C\/Pallars 74<\/p>\n\n\n\n<p>Obres de Haydn, Mozart i Schubert<\/p>\n\n\n\n<p>Compra entradas en:<\/p>\n\n\n\n<p><a href=\"https:\/\/schubertiades.com\/home\/ID\/220\" target=\"_blank\" rel=\"noreferrer noopener\">https:\/\/schubertiades.com\/home\/ID\/220<\/a><\/p>\n<\/div>\n<\/div>\n<\/div><\/div>\n\n\n\n<p>.<\/p>\n\n\n\n<p><strong>21 de diciembre en CARDEDEU<\/strong><\/p>\n\n\n\n<div class=\"wp-block-group\"><div class=\"wp-block-group__inner-container is-layout-constrained wp-block-group-is-layout-constrained\">\n<div class=\"wp-block-group is-vertical is-layout-flex wp-container-core-group-is-layout-8cf370e7 wp-block-group-is-layout-flex\">\n<p><em>Un viatge en Invierno<\/em><\/p>\n\n\n\n<div class=\"wp-block-group is-vertical is-layout-flex wp-container-core-group-is-layout-8cf370e7 wp-block-group-is-layout-flex\">\n<p>Pianissim a les 8 del vesprei<\/p>\n\n\n\n<p>C\/ montseny ,10<\/p>\n\n\n\n<p>Obres de Haydn, Mozart i Schuber<\/p>\n\n\n\n<p>Compra entradas en:<\/p>\n\n\n\n<p><a href=\"https:\/\/schubertiades.com\/home\/ID\/212\" target=\"_blank\" rel=\"noreferrer noopener\">https:\/\/schubertiades.com\/home\/ID\/212<\/a><\/p>\n<\/div>\n<\/div>\n<\/div><\/div>\n\n\n\n<p>.<\/p>\n\n\n\n<p>_______________________________________________________________<\/p>\n\n\n\n<p class=\"has-cyan-bluish-gray-color has-text-color has-link-color wp-elements-4b4dbfb201f6f7b7bf56bffd2c0b76e4\">6 de julio 2024, Perelada<br>Sala junto al claustro de Sant Dom\u00e8nech. Inauguraci\u00f3n de una exposici\u00f3n de pintura.<\/p>\n\n\n\n<p class=\"has-cyan-bluish-gray-color has-text-color has-link-color wp-elements-125d4613000d6a4ecf2c4e1bf67b49c1\">19 de julio 2024, Igualada<br>Concierto en la sala Afinpiano. Bach, Schumann y Mussorgsky<\/p>\n\n\n\n<p>.<\/p>\n","protected":false},"excerpt":{"rendered":"<p>. 24 \u00a0de noviembre en BARCELONA Un viaje en invierno Barcelonapiano studio a les 7 de la tarda C\/Pallars 74 Obres de Haydn, Mozart i Schubert Compra entradas en: https:\/\/schubertiades.com\/home\/ID\/220 . 21 de diciembre en CARDEDEU Un viatge en Invierno Pianissim a les 8 del&hellip;<\/p>\n","protected":false},"author":1,"featured_media":0,"parent":0,"menu_order":0,"comment_status":"closed","ping_status":"closed","template":"","meta":{"_mi_skip_tracking":false,"footnotes":""},"class_list":["post-352","page","type-page","status-publish","hentry"],"_links":{"self":[{"href":"https:\/\/quimbonal.art\/index.php\/wp-json\/wp\/v2\/pages\/352","targetHints":{"allow":["GET"]}}],"collection":[{"href":"https:\/\/quimbonal.art\/index.php\/wp-json\/wp\/v2\/pages"}],"about":[{"href":"https:\/\/quimbonal.art\/index.php\/wp-json\/wp\/v2\/types\/page"}],"author":[{"embeddable":true,"href":"https:\/\/quimbonal.art\/index.php\/wp-json\/wp\/v2\/users\/1"}],"replies":[{"embeddable":true,"href":"https:\/\/quimbonal.art\/index.php\/wp-json\/wp\/v2\/comments?post=352"}],"version-history":[{"count":6,"href":"https:\/\/quimbonal.art\/index.php\/wp-json\/wp\/v2\/pages\/352\/revisions"}],"predecessor-version":[{"id":382,"href":"https:\/\/quimbonal.art\/index.php\/wp-json\/wp\/v2\/pages\/352\/revisions\/382"}],"wp:attachment":[{"href":"https:\/\/quimbonal.art\/index.php\/wp-json\/wp\/v2\/media?parent=352"}],"curies":[{"name":"wp","href":"https:\/\/api.w.org\/{rel}","templated":true}]}}