{"id":349,"date":"2024-09-26T13:19:57","date_gmt":"2024-09-26T11:19:57","guid":{"rendered":"https:\/\/quimbonal.art\/?page_id=349"},"modified":"2024-09-28T19:14:38","modified_gmt":"2024-09-28T17:14:38","slug":"concerts","status":"publish","type":"page","link":"https:\/\/quimbonal.art\/index.php\/concerts\/","title":{"rendered":"Concerts"},"content":{"rendered":"\n<div class=\"wp-block-group is-vertical is-layout-flex wp-container-core-group-is-layout-8cf370e7 wp-block-group-is-layout-flex\">\n<div class=\"wp-block-media-text is-stacked-on-mobile\"><figure class=\"wp-block-media-text__media\"><img loading=\"lazy\" decoding=\"async\" width=\"756\" height=\"394\" src=\"https:\/\/quimbonal.art\/wp-content\/uploads\/2023\/01\/com_he_esdevingut_pianista.jpg\" alt=\"\" class=\"wp-image-9 size-full\" srcset=\"https:\/\/quimbonal.art\/wp-content\/uploads\/2023\/01\/com_he_esdevingut_pianista.jpg 756w, https:\/\/quimbonal.art\/wp-content\/uploads\/2023\/01\/com_he_esdevingut_pianista-300x156.jpg 300w\" sizes=\"auto, (max-width: 756px) 100vw, 756px\" \/><\/figure><div class=\"wp-block-media-text__content\">\n<div class=\"wp-block-group is-vertical is-layout-flex wp-container-core-group-is-layout-8cf370e7 wp-block-group-is-layout-flex\">\n<p><\/p>\n<\/div>\n<\/div><\/div>\n\n\n\n<p><strong>11 d\u2019 octubre 2024 a IGUALADA<\/strong><\/p>\n\n\n\n<p>Afinpiano a les vuit del vespre.&nbsp;<\/p>\n\n\n\n<p>Obres de Bach, Mozart, Chopin, Schumann i Granados<\/p>\n\n\n\n<p>Entrada 10\u20ac<\/p>\n\n\n\n<p>.<br><strong>24 de novembre 2024 a BARCELONA<\/strong><\/p>\n<\/div>\n\n\n\n<div class=\"wp-block-group is-vertical is-layout-flex wp-container-core-group-is-layout-8cf370e7 wp-block-group-is-layout-flex\">\n<p><em>Un viatge a l\u2019hivern<\/em><\/p>\n\n\n\n<div class=\"wp-block-group is-vertical is-layout-flex wp-container-core-group-is-layout-8cf370e7 wp-block-group-is-layout-flex\">\n<p>Barcelonapiano studio a les 7 de la tarda<\/p>\n\n\n\n<p>C\/Pallars 74<\/p>\n\n\n\n<p>Obres de Haydn, Mozart i Schubert<\/p>\n\n\n\n<div class=\"wp-block-group\"><div class=\"wp-block-group__inner-container is-layout-constrained wp-block-group-is-layout-constrained\">\n<p>Compra entrades a:<\/p>\n\n\n\n<p><a href=\"https:\/\/schubertiades.com\/home\/ID\/220\" target=\"_blank\" rel=\"noreferrer noopener\">https:\/\/schubertiades.com\/home\/ID\/220<\/a><\/p>\n\n\n\n<p>.<\/p>\n<\/div><\/div>\n<\/div>\n<\/div>\n\n\n\n<div class=\"wp-block-group is-vertical is-layout-flex wp-container-core-group-is-layout-8cf370e7 wp-block-group-is-layout-flex\">\n<p><strong>21 de desembre 2024 a CARDEDEU<\/strong><\/p>\n\n\n\n<p><em>Un viatge a l\u2019hivern<\/em><\/p>\n\n\n\n<p>Pianissim a les 8 del vespre<\/p>\n\n\n\n<p>C\/ montseny ,10<\/p>\n\n\n\n<p>Obres de Haydn, Mozart i Schubert<\/p>\n\n\n\n<p>Compra entrades a:<\/p>\n\n\n\n<p><a href=\"https:\/\/schubertiades.com\/home\/ID\/212\" target=\"_blank\" rel=\"noreferrer noopener\">https:\/\/schubertiades.com\/home\/ID\/212<\/a><\/p>\n<\/div>\n\n\n\n<p>.<\/p>\n\n\n\n<p>_______________________________________________________________________________________________<\/p>\n\n\n\n<pre class=\"wp-block-preformatted has-cyan-bluish-gray-color has-text-color has-link-color wp-elements-213d07481ddf03f505e6ae36c9fe2e8d\">6 de juliol 2024, Perelada<\/pre>\n\n\n\n<pre class=\"wp-block-preformatted has-cyan-bluish-gray-color has-text-color has-link-color wp-elements-c3781f040685c41ddace63eabc3ee996\">Sala al costat del claustre de Sant Dom\u00e8nech. Inauguraci\u00f3 d'una exposici\u00f3 de pintura.\n\n <\/pre>\n\n\n\n<pre class=\"wp-block-preformatted has-cyan-bluish-gray-color has-text-color has-link-color wp-elements-e69f4be28af66051460494691639b02a\">19 de juliol 2024, Igualada<\/pre>\n\n\n\n<pre class=\"wp-block-preformatted has-cyan-bluish-gray-color has-text-color has-link-color wp-elements-711f4d5fad67a477120ce901ab1326b4\">Concert a la sala Afinpiano. Bach, Schumann i Mussorgski\n\n.<\/pre>\n\n\n\n<p><\/p>\n","protected":false},"excerpt":{"rendered":"<p>11 d\u2019 octubre 2024 a IGUALADA Afinpiano a les vuit del vespre.&nbsp; Obres de Bach, Mozart, Chopin, Schumann i Granados Entrada 10\u20ac .24 de novembre 2024 a BARCELONA Un viatge a l\u2019hivern Barcelonapiano studio a les 7 de la tarda C\/Pallars 74 Obres de Haydn,&hellip;<\/p>\n","protected":false},"author":1,"featured_media":0,"parent":0,"menu_order":0,"comment_status":"closed","ping_status":"closed","template":"","meta":{"_mi_skip_tracking":false,"footnotes":""},"class_list":["post-349","page","type-page","status-publish","hentry"],"_links":{"self":[{"href":"https:\/\/quimbonal.art\/index.php\/wp-json\/wp\/v2\/pages\/349","targetHints":{"allow":["GET"]}}],"collection":[{"href":"https:\/\/quimbonal.art\/index.php\/wp-json\/wp\/v2\/pages"}],"about":[{"href":"https:\/\/quimbonal.art\/index.php\/wp-json\/wp\/v2\/types\/page"}],"author":[{"embeddable":true,"href":"https:\/\/quimbonal.art\/index.php\/wp-json\/wp\/v2\/users\/1"}],"replies":[{"embeddable":true,"href":"https:\/\/quimbonal.art\/index.php\/wp-json\/wp\/v2\/comments?post=349"}],"version-history":[{"count":8,"href":"https:\/\/quimbonal.art\/index.php\/wp-json\/wp\/v2\/pages\/349\/revisions"}],"predecessor-version":[{"id":385,"href":"https:\/\/quimbonal.art\/index.php\/wp-json\/wp\/v2\/pages\/349\/revisions\/385"}],"wp:attachment":[{"href":"https:\/\/quimbonal.art\/index.php\/wp-json\/wp\/v2\/media?parent=349"}],"curies":[{"name":"wp","href":"https:\/\/api.w.org\/{rel}","templated":true}]}}