{"id":251,"date":"2023-01-30T16:37:08","date_gmt":"2023-01-30T15:37:08","guid":{"rendered":"https:\/\/quimbonal.art\/?page_id=251"},"modified":"2023-01-30T16:38:22","modified_gmt":"2023-01-30T15:38:22","slug":"repertorio","status":"publish","type":"page","link":"https:\/\/quimbonal.art\/index.php\/es\/repertorio\/","title":{"rendered":"Repertorio"},"content":{"rendered":"\n<p><mark style=\"background-color:rgba(0, 0, 0, 0)\" class=\"has-inline-color has-white-color\">.<\/mark><a href=\"https:\/\/quimbonal.com\/lang\/ca\/repertori.html\"><\/a><\/p>\n\n\n\n<p><strong><mark style=\"background-color:rgba(0, 0, 0, 0);color:#8f1a1a\" class=\"has-inline-color\">I. ALB\u00c9NIZ<\/mark><\/strong><\/p>\n\n\n\n<p><strong><em>El albaic\u00edn de la suite iberia.<\/em><\/strong><\/p>\n\n\n\n<p><mark style=\"background-color:rgba(0, 0, 0, 0);color:#8f1a1a\" class=\"has-inline-color\"><strong>J. S. BACH<\/strong><\/mark><\/p>\n\n\n\n<p><strong><em>Preludios y fugas.<\/em><\/strong><\/p>\n\n\n\n<p>   Vol. 1, n. 1, 2, 3, 5, 9, 12, 21.<\/p>\n\n\n\n<p>   Vol. 2, n. 1, 5, 6, 7, 12, 13, 15, 20.<\/p>\n\n\n\n<p><strong><em>Suites francesas:&nbsp;<\/em><\/strong>n. 2 i 6.<\/p>\n\n\n\n<p><strong><em>Variaciones Goldberg.<\/em><\/strong><\/p>\n\n\n\n<p><strong><em>Fantas\u00eda Crom\u00e1tica y fuga.<\/em><\/strong><\/p>\n\n\n\n<p><strong><em>Peque\u00f1os Preludios.<\/em><\/strong><\/p>\n\n\n\n<p><mark style=\"background-color:rgba(0, 0, 0, 0);color:#8f1a1a\" class=\"has-inline-color\"><strong>L. VAN BEETHOVEN<\/strong><\/mark><\/p>\n\n\n\n<p><strong><em>Sonatas para piano:<\/em><\/strong><\/p>\n\n\n\n<p>Opus 2 n\u00fam. 2 en La Mayor.<\/p>\n\n\n\n<p>Opus 10 n\u00fam. 2 en Fa Mayor.<\/p>\n\n\n\n<p>Opus 14 n\u00fam. 1 en Mi Mayor.<\/p>\n\n\n\n<p>Opus 26 en La b Mayor.<\/p>\n\n\n\n<p>Opus 110 en La b Mayor.<\/p>\n\n\n\n<p><mark style=\"background-color:rgba(0, 0, 0, 0);color:#8f1a1a\" class=\"has-inline-color\"><strong>LUCIANO BERIO<\/strong><\/mark><\/p>\n\n\n\n<p><strong><em>Encores pour piano.<\/em><\/strong><\/p>\n\n\n\n<p><mark style=\"background-color:rgba(0, 0, 0, 0);color:#8f1a1a\" class=\"has-inline-color\"><strong>M. BLANCAFORT<\/strong><\/mark><\/p>\n\n\n\n<p><strong><em>Cants \u00edntims vol. 1.<\/em><\/strong><\/p>\n\n\n\n<p><strong><mark style=\"background-color:rgba(0, 0, 0, 0);color:#8f1a1a\" class=\"has-inline-color\">J. BRAHMS<\/mark><\/strong><\/p>\n\n\n\n<p><strong><em>Rapsodia n\u00fam.1 en Fa # menor.<\/em><\/strong><\/p>\n\n\n\n<p><strong>Opus 117:&nbsp;<em>Tres Intermezzos.<\/em><\/strong><\/p>\n\n\n\n<p>N\u00ba. 1 en Mi b Mayor.<\/p>\n\n\n\n<p>N\u00ba. 2 en Si b menor.<\/p>\n\n\n\n<p>N\u00ba. 3 en Do # menor.<\/p>\n\n\n\n<p><strong>Opus 119:&nbsp;<em>Tres intermezzos.<\/em><\/strong><\/p>\n\n\n\n<p>N. 1 en Si menor.<\/p>\n\n\n\n<p>N. 2 en Mi menor.<\/p>\n\n\n\n<p>N. 3 en Do Mayor.<\/p>\n\n\n\n<p><strong><em>Balades:<\/em><\/strong><\/p>\n\n\n\n<p>Opus 10 N. 1 en Re menor.<\/p>\n\n\n\n<p><strong><mark style=\"background-color:rgba(0, 0, 0, 0);color:#8f1a1a\" class=\"has-inline-color\">ANNA CAZURRA<\/mark><\/strong><\/p>\n\n\n\n<p><strong>Alba Porta.<\/strong><\/p>\n\n\n\n<p><strong><em>Quatre evocacions per a piano.<\/em><\/strong><\/p>\n\n\n\n<p><strong><mark style=\"background-color:rgba(0, 0, 0, 0);color:#8f1a1a\" class=\"has-inline-color\">F. CHOPIN<\/mark><\/strong><\/p>\n\n\n\n<p><strong><em>Mazurkas<\/em>:<\/strong><\/p>\n\n\n\n<p>Opus 7:<\/p>\n\n\n\n<p>N\u00fam.2 en La menor.<\/p>\n\n\n\n<p>N\u00fam.5 en Sol Mayor.<\/p>\n\n\n\n<p>Opus 17:<\/p>\n\n\n\n<p>N\u00fam. 1 en Si b Mayor.<\/p>\n\n\n\n<p>N\u00fam. 2 en Mi menor.<\/p>\n\n\n\n<p>N\u00fam. 3 en La b Mayor.<\/p>\n\n\n\n<p>N\u00fam. 4 en La menor.<\/p>\n\n\n\n<p>Opus 24:<\/p>\n\n\n\n<p>N\u00fam. 3 en La b Mayor.<\/p>\n\n\n\n<p><strong><em>Nocturns<\/em>:<\/strong><\/p>\n\n\n\n<p>Opus 9:<\/p>\n\n\n\n<p>N\u00fam. 1 en Si b menor.<\/p>\n\n\n\n<p>N\u00fam. 2 en Mi b Mayor.<\/p>\n\n\n\n<p>Opus 27:<\/p>\n\n\n\n<p>N\u00fam. 1 en Do sostenido menor.<\/p>\n\n\n\n<p>N\u00fam. 2 en Re b Mayor.<\/p>\n\n\n\n<p>Opus 32:<\/p>\n\n\n\n<p>N\u00fam. 1 en Si Mayor.<\/p>\n\n\n\n<p>N\u00fam. 2 en La b Mayor.<\/p>\n\n\n\n<p>Opus 48:<\/p>\n\n\n\n<p>N\u00fam. 1 en Do menor.<\/p>\n\n\n\n<p>Opus 55:<\/p>\n\n\n\n<p>N\u00fam. 2 en Mi b Mayor.<\/p>\n\n\n\n<p><strong><em>Baladas:<\/em><\/strong><\/p>\n\n\n\n<p>Opus 23 en sol menor.<\/p>\n\n\n\n<p><strong><em>Scherzos<\/em>:<\/strong><\/p>\n\n\n\n<p>Opus 31 en Si b menor.<\/p>\n\n\n\n<p><em>Barcarolle<\/em>&nbsp;en Fa#Mayor.<\/p>\n\n\n\n<p><strong><mark style=\"background-color:rgba(0, 0, 0, 0);color:#8f1a1a\" class=\"has-inline-color\">C. DEBUSSY<\/mark><\/strong><\/p>\n\n\n\n<p><strong><em>Children\u2019s Corner&nbsp;<\/em><\/strong>(Integral).<\/p>\n\n\n\n<p><strong><em>Preludios vol. 1:<\/em><\/strong><\/p>\n\n\n\n<p>N\u00fam. 1 Danceuses de Delphes.<\/p>\n\n\n\n<p>N\u00fam. 4 Les sons et les parfums tournent dans l\u2019air du soir.<\/p>\n\n\n\n<p>N\u00fam. 5 Les Collines d\u2019Anacapri.<\/p>\n\n\n\n<p>N\u00fam. 8 La fille aux cheveux de lin.<\/p>\n\n\n\n<p><strong><em>Etudes:<\/em><\/strong><\/p>\n\n\n\n<p>N\u00fam.1 Pour les \u00ab\u00a0cinq doigts\u00a0\u00bb.<\/p>\n\n\n\n<p>N\u00fam.11 Pour les arp\u00e8ges compos\u00e9s.<\/p>\n\n\n\n<p><strong><mark style=\"background-color:rgba(0, 0, 0, 0);color:#8f1a1a\" class=\"has-inline-color\">M. DE FALLA<\/mark><\/strong><\/p>\n\n\n\n<p><strong><em>Fantas\u00eda Baetica.<\/em><\/strong><\/p>\n\n\n\n<p><strong><mark style=\"background-color:rgba(0, 0, 0, 0);color:#8f1a1a\" class=\"has-inline-color\">J. GUINJOAN<\/mark><\/strong><\/p>\n\n\n\n<p><strong><em>Tres petites peces:<\/em><\/strong><\/p>\n\n\n\n<p>N\u00fam. 1:<em>&nbsp;Constel\u00b7lacions.<\/em><\/p>\n\n\n\n<p>N\u00fam. 2:<em>&nbsp;Din\u00e0mica d\u2019intensitats i timbres.<\/em><\/p>\n\n\n\n<p>N\u00fam. 3:<em>&nbsp;Ambient i ritmes.<\/em><\/p>\n\n\n\n<p><strong><mark style=\"background-color:rgba(0, 0, 0, 0);color:#8f1a1a\" class=\"has-inline-color\">E. GRANADOS<\/mark><\/strong><\/p>\n\n\n\n<p><strong><em>Allegro de Concierto<\/em><\/strong><\/p>\n\n\n\n<p><strong><em>Goyescas<\/em><\/strong><\/p>\n\n\n\n<p>N\u00fam. 1:&nbsp;<em>Los Requiebros<\/em><\/p>\n\n\n\n<p>N\u00fam. 4:&nbsp;<em>Quejas o la Maja y el Ruyse\u00f1or<\/em><\/p>\n\n\n\n<p><\/p>\n\n\n\n<p><strong><mark style=\"background-color:rgba(0, 0, 0, 0);color:#8f1a1a\" class=\"has-inline-color\">J. HAYDN<\/mark><\/strong><\/p>\n\n\n\n<p><strong><em>Sonates<\/em>:<\/strong><\/p>\n\n\n\n<p>Hob. XVI: 4.<\/p>\n\n\n\n<p>Hob. XVI: 27.<\/p>\n\n\n\n<p>Hob. XVI: 36.<\/p>\n\n\n\n<p>Hob. XVI: 37.<\/p>\n\n\n\n<p>Hob. XVI: 34.<\/p>\n\n\n\n<p><strong><em>Variaciones<\/em>:<\/strong><\/p>\n\n\n\n<p>Hob. XVII en Si b Mayor.<\/p>\n\n\n\n<p><strong><mark style=\"background-color:rgba(0, 0, 0, 0);color:#8f1a1a\" class=\"has-inline-color\">G. LIGETTI<\/mark><\/strong><\/p>\n\n\n\n<p><strong><em>M\u00fasica Ricercata.<\/em><\/strong><\/p>\n\n\n\n<p><strong><mark style=\"background-color:rgba(0, 0, 0, 0);color:#8f1a1a\" class=\"has-inline-color\">F. LISZT<\/mark><\/strong><\/p>\n\n\n\n<p><strong><em>Sonetto 104 del Petrarca<\/em><\/strong>.<\/p>\n\n\n\n<p>Estudio trascendental N\u00fam. 11.<\/p>\n\n\n\n<p><strong><em>Las harmon\u00edas de la noche<\/em><\/strong>.<\/p>\n\n\n\n<p><mark style=\"background-color:rgba(0, 0, 0, 0);color:#8f1a1a\" class=\"has-inline-color\"><strong>O. MAESSIEN<\/strong><\/mark><\/p>\n\n\n\n<p><strong><em>Pr\u00e9ludes<\/em><\/strong><\/p>\n\n\n\n<p>N\u00fam. 1:&nbsp;<em>La Colombe<\/em>.<\/p>\n\n\n\n<p>N\u00fam. 7:&nbsp;<em>Plainte Calme<\/em>.<\/p>\n\n\n\n<p>N\u00fam. 8:&nbsp;<em>Un reflet dans le vent<\/em>.<\/p>\n\n\n\n<p><strong><mark style=\"background-color:rgba(0, 0, 0, 0);color:#8f1a1a\" class=\"has-inline-color\">F. MENDELSSOHN<\/mark><\/strong><\/p>\n\n\n\n<p><strong><em>Romances sense paraules:<\/em><\/strong><\/p>\n\n\n\n<p>Opus 19.<\/p>\n\n\n\n<p>N\u00fam. 1 en Mi Mayor.<\/p>\n\n\n\n<p>N\u00fam. 2 en La menor.<\/p>\n\n\n\n<p>N\u00fam. 3 en La Mayor.<\/p>\n\n\n\n<p>N\u00fam. 4 en La Mayor.<\/p>\n\n\n\n<p>N\u00fam. 5 en Fa#menor.<\/p>\n\n\n\n<p>N\u00fam. 6 en Sol menor.<\/p>\n\n\n\n<p>Opus 30.<\/p>\n\n\n\n<p>N\u00fam. 12 en Fa#menor.<\/p>\n\n\n\n<p>Opus 53.<\/p>\n\n\n\n<p>N\u00fam. 19 en La b Mayor.<\/p>\n\n\n\n<p>N\u00fam. 20 en Mi b Mayor.<\/p>\n\n\n\n<p><strong><em>Variaciones seriases<\/em>&nbsp;Op. 54<\/strong><\/p>\n\n\n\n<p><strong><mark style=\"background-color:rgba(0, 0, 0, 0);color:#8f1a1a\" class=\"has-inline-color\">F. MOMPOU<\/mark><\/strong><\/p>\n\n\n\n<p><strong><em>Impressions \u00cdntimes.<\/em><\/strong><\/p>\n\n\n\n<p><strong><em>Variaciones sobre un tema de Chopin<\/em><\/strong>.<\/p>\n\n\n\n<p><strong><em>Canciones y danzas<\/em>:<\/strong><\/p>\n\n\n\n<p>N\u00fam. 1 en La Mayor.<\/p>\n\n\n\n<p>N\u00fam. 6 en Mi b menor.<\/p>\n\n\n\n<p><mark style=\"background-color:rgba(0, 0, 0, 0);color:#8f1a1a\" class=\"has-inline-color\"><strong>W. A. MOZART<\/strong><\/mark><\/p>\n\n\n\n<p><strong><em>Sonates<\/em>:<\/strong><\/p>\n\n\n\n<p>KV 282 n\u00fam. 4 en La b Mayor.<\/p>\n\n\n\n<p>KV 311 n\u00fam. 8 en Re Mayor.<\/p>\n\n\n\n<p>KV 310 n\u00fam. 9 en La menor.<\/p>\n\n\n\n<p>KV 332 n\u00fam. 12 en Fa Mayor.<\/p>\n\n\n\n<p>KV 457 n\u00fam. 14 en Do menor.<\/p>\n\n\n\n<p>KV 545 n\u00fam. 16 en Do Mayor.<\/p>\n\n\n\n<p>KV 576 n\u00fam. 18 en Re Mayor.<\/p>\n\n\n\n<p><strong><em>Rond\u00f3s<\/em>:<\/strong><\/p>\n\n\n\n<p>KV 511 en La menor.<\/p>\n\n\n\n<p>KV 485 en Re Mayor.<\/p>\n\n\n\n<p><strong><em>Variaciones<\/em><\/strong><strong>:<\/strong><\/p>\n\n\n\n<p>KV 265 en Do Mayor.<\/p>\n\n\n\n<p><strong><em>Fantasies<\/em><\/strong><strong>:<\/strong><\/p>\n\n\n\n<p>KV 397 en Re menor.<\/p>\n\n\n\n<p>KV 475 en Do menor.<\/p>\n\n\n\n<p><strong><em>Conciertos para piano y orquestra<\/em>:<\/strong><\/p>\n\n\n\n<p>KV 453 N\u00ba 17 en Sol Mayor.<\/p>\n\n\n\n<p>KV 467 N\u00ba 21 en Do Mayor.<\/p>\n\n\n\n<p>KV 491 N\u00ba 24 en Do menor.<\/p>\n\n\n\n<p><strong><mark style=\"background-color:rgba(0, 0, 0, 0);color:#8f1a1a\" class=\"has-inline-color\">F. SCHUBERT<\/mark><\/strong><\/p>\n\n\n\n<p><strong><em>Impromptus:<\/em><\/strong><\/p>\n\n\n\n<p>D. 899<\/p>\n\n\n\n<p>N\u00fam. 1 en Do menor<\/p>\n\n\n\n<p>N\u00fam. 4 en La b Mayor<\/p>\n\n\n\n<p>D. 935<\/p>\n\n\n\n<p>N\u00fam. 3 en Si b Mayor<\/p>\n\n\n\n<p><strong><em>Scherzos:<\/em><\/strong><\/p>\n\n\n\n<p>D. 593<\/p>\n\n\n\n<p>N\u00fam. 1 en Si b Mayor<\/p>\n\n\n\n<p>N\u00fam. 2 en Re b Mayor<\/p>\n\n\n\n<p><strong><em>Sonatas:<\/em><\/strong><\/p>\n\n\n\n<p>D. 664<\/p>\n\n\n\n<p>N\u00fam. 4 en La Mayor<\/p>\n\n\n\n<p><strong><mark style=\"background-color:rgba(0, 0, 0, 0);color:#8f1a1a\" class=\"has-inline-color\">R. SCHUMANN<\/mark><\/strong><\/p>\n\n\n\n<p><strong><em>Escenas de infantes Opus. 15.<\/em><\/strong><\/p>\n\n\n\n<p><strong><em>Novelletten:<\/em><\/strong><\/p>\n\n\n\n<p>N\u00fam. 1 en Fa Mayor.<\/p>\n\n\n\n<p><strong><em>Escenas del Bosque Opus 82.<\/em><\/strong><\/p>\n\n\n\n<p><strong>Opus 54 en La menor.<\/strong><\/p>\n\n\n\n<p><strong><em>Concierto para piano y orquestra.<\/em><\/strong><\/p>\n\n\n\n<p><strong><mark style=\"background-color:rgba(0, 0, 0, 0);color:#8f1a1a\" class=\"has-inline-color\">F. TABERNA-BECH<\/mark><\/strong><\/p>\n\n\n\n<p><strong><em>Sonata n\u00fam. 3.<\/em><\/strong><\/p>\n\n\n\n<p><strong><mark style=\"background-color:rgba(0, 0, 0, 0);color:#8f1a1a\" class=\"has-inline-color\">C. TALTABULL<\/mark><\/strong><\/p>\n\n\n\n<p><strong><em>Sonatina en Do Mayor.<\/em><\/strong><\/p>\n\n\n\n<p><strong><mark style=\"background-color:rgba(0, 0, 0, 0);color:#8f1a1a\" class=\"has-inline-color\">J. TURINA<\/mark><\/strong><\/p>\n\n\n\n<p><strong><em>Mujeres espa\u00f1olas op 73.<\/em><\/strong><\/p>\n\n\n\n<p><strong><mark style=\"background-color:rgba(0, 0, 0, 0);color:#8f1a1a\" class=\"has-inline-color\">F. WORT COLLADO<\/mark><\/strong><\/p>\n\n\n\n<p><strong><em>Impressiones pict\u00f2ricas.<\/em><\/strong><\/p>\n\n\n\n<p><mark style=\"background-color:rgba(0, 0, 0, 0)\" class=\"has-inline-color has-white-color\">.<\/mark><\/p>\n","protected":false},"excerpt":{"rendered":"<p>. I. ALB\u00c9NIZ El albaic\u00edn de la suite iberia. J. S. BACH Preludios y fugas. Vol. 1, n. 1, 2, 3, 5, 9, 12, 21. Vol. 2, n. 1, 5, 6, 7, 12, 13, 15, 20. Suites francesas:&nbsp;n. 2 i 6. Variaciones Goldberg. Fantas\u00eda Crom\u00e1tica&hellip;<\/p>\n","protected":false},"author":1,"featured_media":0,"parent":0,"menu_order":0,"comment_status":"closed","ping_status":"closed","template":"","meta":{"_mi_skip_tracking":false,"footnotes":""},"class_list":["post-251","page","type-page","status-publish","hentry"],"_links":{"self":[{"href":"https:\/\/quimbonal.art\/index.php\/wp-json\/wp\/v2\/pages\/251","targetHints":{"allow":["GET"]}}],"collection":[{"href":"https:\/\/quimbonal.art\/index.php\/wp-json\/wp\/v2\/pages"}],"about":[{"href":"https:\/\/quimbonal.art\/index.php\/wp-json\/wp\/v2\/types\/page"}],"author":[{"embeddable":true,"href":"https:\/\/quimbonal.art\/index.php\/wp-json\/wp\/v2\/users\/1"}],"replies":[{"embeddable":true,"href":"https:\/\/quimbonal.art\/index.php\/wp-json\/wp\/v2\/comments?post=251"}],"version-history":[{"count":2,"href":"https:\/\/quimbonal.art\/index.php\/wp-json\/wp\/v2\/pages\/251\/revisions"}],"predecessor-version":[{"id":257,"href":"https:\/\/quimbonal.art\/index.php\/wp-json\/wp\/v2\/pages\/251\/revisions\/257"}],"wp:attachment":[{"href":"https:\/\/quimbonal.art\/index.php\/wp-json\/wp\/v2\/media?parent=251"}],"curies":[{"name":"wp","href":"https:\/\/api.w.org\/{rel}","templated":true}]}}