{"id":219,"date":"2023-01-30T12:05:37","date_gmt":"2023-01-30T11:05:37","guid":{"rendered":"https:\/\/quimbonal.art\/index.php\/inici-espanol\/"},"modified":"2024-09-26T13:26:57","modified_gmt":"2024-09-26T11:26:57","slug":"inicio","status":"publish","type":"page","link":"https:\/\/quimbonal.art\/index.php\/es\/inicio\/","title":{"rendered":"Inicio"},"content":{"rendered":"\n<p class=\"has-vivid-cyan-blue-color has-text-color has-link-color wp-elements-40902c75923ed5a83b9ac5239a49c7e9\">.<\/p>\n\n\n\n<p>Nacido en Barcelona, Quim Bonal comienza sus estudios musicales en la escuela L\u2019ARC de la misma ciudad. Se inicia al piano con M\u00aa Teresa Albiol y posteriormente con Albert Roman\u00ed, con el que profundiza en la interpretaci\u00f3n de estilos. M\u00e1s adelante, conoce Eul\u00e0lia Sol\u00e9 y estudia con ella durante seis a\u00f1os.<br><br>En el a\u00f1o 1992 gana una beca y se desplaza a Par\u00eds donde reside por un largo per\u00edodo. Aconsejado por Marian Ribizcky amplia sus estudios pian\u00edsticos con Ramzi Yassa. Tres a\u00f1os m\u00e1s tarde conoce Eth\u00e9ry Djakeli con la que renovar\u00e1 todos sus conocimientos t\u00e9cnicos para acercarse al mundo del sonido partiendo de los ensayos y trabajos indagados por Marie Ja\u00ebll, pianista alsaciana, sidc\u00edpula y amiga de Franz Liszt que abondon\u00f3 su carrera concert\u00edstica para ofrecer una alternativa de investigaci\u00f3n m\u00e1s profunda y cuidadosa de la t\u00e9cnica pian\u00edstica en el camino del sonido del piano.<br><br>M\u00e1s adelante es galrdonado por el&nbsp;<em>\u00ab\u00a0Concours musical de France\u00a0\u00bb.<\/em><br><br>Quim Bonal pone \u00e9mfasis en el trabajo del&nbsp;<em>\u00ab\u00a0Toucher\u00a0\u00bb<\/em>&nbsp;y, poco a poco va moldeando y buscando un sonido m\u00e1s vol\u00e1til, m\u00e1s transportable.<\/p>\n\n\n\n<figure class=\"wp-block-image\"><img loading=\"lazy\" decoding=\"async\" width=\"756\" height=\"506\" src=\"https:\/\/quimbonal.art\/wp-content\/uploads\/2023\/01\/biografia8.jpg\" alt=\"\" class=\"wp-image-7\" title=\"\u00a9Pere Rovira Fotograf\u00eda\" srcset=\"https:\/\/quimbonal.art\/wp-content\/uploads\/2023\/01\/biografia8.jpg 756w, https:\/\/quimbonal.art\/wp-content\/uploads\/2023\/01\/biografia8-300x201.jpg 300w\" sizes=\"auto, (max-width: 756px) 100vw, 756px\" \/><\/figure>\n\n\n\n<p><\/p>\n\n\n\n<p>De \u00e9l se ha dicho que su capacida de concentraci\u00f3n hace que no le distraigan elementos externos a la obra y que su discurso es siempre coherente.<\/p>\n\n\n\n<p>Una de las actuaciones m\u00e1s destacables de Quim Bonal fue la de las Variaciones Goldberg de J. S. Bach en Calella de Palafrugell d\u00f3nde el p\u00fablico se puso en pie emocionado por su interpretaci\u00f3n.<br><br>Bonal dice:<em>\u00ab\u00a0En la m\u00fasica encuentro la m\u00e1s alta raz\u00f3n de creer en la posibilidad de mantener unidos los extremos m\u00e1s opuestos, los m\u00e1s irreductibles y darles esos m\u00e1rgenes de libertad con el fin de mostrar cada elemento en juego. <\/em><em>Es esta la gran ense\u00f1anza de la m\u00fasica\u00a0\u00bb<\/em><\/p>\n\n\n\n<p><mark style=\"background-color:rgba(0, 0, 0, 0)\" class=\"has-inline-color has-white-color\">.<\/mark><\/p>\n","protected":false},"excerpt":{"rendered":"<p>. Nacido en Barcelona, Quim Bonal comienza sus estudios musicales en la escuela L\u2019ARC de la misma ciudad. Se inicia al piano con M\u00aa Teresa Albiol y posteriormente con Albert Roman\u00ed, con el que profundiza en la interpretaci\u00f3n de estilos. M\u00e1s adelante, conoce Eul\u00e0lia Sol\u00e9&hellip;<\/p>\n","protected":false},"author":1,"featured_media":0,"parent":0,"menu_order":0,"comment_status":"closed","ping_status":"closed","template":"","meta":{"_mi_skip_tracking":false,"footnotes":""},"class_list":["post-219","page","type-page","status-publish","hentry"],"_links":{"self":[{"href":"https:\/\/quimbonal.art\/index.php\/wp-json\/wp\/v2\/pages\/219","targetHints":{"allow":["GET"]}}],"collection":[{"href":"https:\/\/quimbonal.art\/index.php\/wp-json\/wp\/v2\/pages"}],"about":[{"href":"https:\/\/quimbonal.art\/index.php\/wp-json\/wp\/v2\/types\/page"}],"author":[{"embeddable":true,"href":"https:\/\/quimbonal.art\/index.php\/wp-json\/wp\/v2\/users\/1"}],"replies":[{"embeddable":true,"href":"https:\/\/quimbonal.art\/index.php\/wp-json\/wp\/v2\/comments?post=219"}],"version-history":[{"count":7,"href":"https:\/\/quimbonal.art\/index.php\/wp-json\/wp\/v2\/pages\/219\/revisions"}],"predecessor-version":[{"id":357,"href":"https:\/\/quimbonal.art\/index.php\/wp-json\/wp\/v2\/pages\/219\/revisions\/357"}],"wp:attachment":[{"href":"https:\/\/quimbonal.art\/index.php\/wp-json\/wp\/v2\/media?parent=219"}],"curies":[{"name":"wp","href":"https:\/\/api.w.org\/{rel}","templated":true}]}}