{"id":108,"date":"2023-01-13T20:05:34","date_gmt":"2023-01-13T19:05:34","guid":{"rendered":"https:\/\/quimbonal.art\/?page_id=108"},"modified":"2024-09-26T13:24:46","modified_gmt":"2024-09-26T11:24:46","slug":"inici","status":"publish","type":"page","link":"https:\/\/quimbonal.art\/","title":{"rendered":"inici"},"content":{"rendered":"\n<h2 class=\"wp-block-heading\">Quim Bonal,&nbsp;<em>pianista<\/em><\/h2>\n\n\n\n<div class=\"wp-block-group is-vertical is-layout-flex wp-container-core-group-is-layout-8cf370e7 wp-block-group-is-layout-flex\">\n<pre class=\"wp-block-preformatted has-vivid-cyan-blue-color has-text-color has-link-color wp-elements-92df638eed95ce88d37263cff06165a1\"><\/pre>\n\n\n\n<p>Nascut a Barcelona Quim Bonal comen\u00e7a els seus estudis musicals a l\u2019escola L\u2019ARC de la mateixa ciutat. S\u2019inicia al piano amb M\u00aa Teresa Albiol i despr\u00e9s amb Albert Roman\u00ed amb el qual treballa la interpretaci\u00f3 d\u2019estils. M\u00e9s endavant coneix Eul\u00e0lia Sol\u00e9 i estudia amb ella durants sis anys.<br><br>L\u2019any 1992 guanya una beca i es despla\u00e7a a Par\u00eds on hi resideix per un llarg per\u00edode. Aconsellat per Marian Ribizcky amplia els seus estudis pian\u00edstics amb Ramzi Yassa. Tres anys m\u00e9s tard coneix Eth\u00e9ry Djakeli amb qui renovar\u00e0 tots els seus coneixements t\u00e8cnics per apropar-se al m\u00f3n del so partint dels assajos i treballs indagats per Marie Ja\u00ebll, pianista alsaciana deixeble i amiga de Franz Liszt que abandon\u00e0 la seva carrera per oferir una alternativa de recerca m\u00e9s profunda i acurada de la t\u00e8cnica pian\u00edstica i del so.<br><br>M\u00e9s endavant \u00e9s guardonat pel&nbsp;<em>\u00ab&nbsp;Concours musical de France&nbsp;\u00bb.<\/em><br><br>Quim Bonal posa \u00e8mfasi en el treball del&nbsp;<em>\u00ab&nbsp;Toucher&nbsp;\u00bb<\/em>&nbsp;i, de mica en mica va modulant i buscant un so m\u00e9s vol\u00e0til, m\u00e9s transportable.<\/p>\n<\/div>\n\n\n\n<figure class=\"wp-block-image\"><img loading=\"lazy\" decoding=\"async\" width=\"756\" height=\"506\" src=\"https:\/\/quimbonal.art\/wp-content\/uploads\/2023\/01\/biografia8.jpg\" alt=\"\" class=\"wp-image-7\" title=\"\u00a9Pere Rovira Fotograf\u00eda\" srcset=\"https:\/\/quimbonal.art\/wp-content\/uploads\/2023\/01\/biografia8.jpg 756w, https:\/\/quimbonal.art\/wp-content\/uploads\/2023\/01\/biografia8-300x201.jpg 300w\" sizes=\"auto, (max-width: 756px) 100vw, 756px\" \/><\/figure>\n\n\n\n<p><\/p>\n\n\n\n<p>D\u2019ell s\u2019ha dit que la seva capacitat de concentraci\u00f3 fa que no el distreguin elements ex-terns a l\u2019obra i que el seu discurs \u00e9s sempre conherent.<\/p>\n\n\n\n<p>Una de les actuacions m\u00e9s destacables de Quim Bonal val a dir que va ser la de les Variacions Goldberg de J.S. Bach a Calella de Palafrugell on el p\u00fablic es pos\u00e0 dret emocionat per la seva interpretaci\u00f3.<br><br>Bonal diu:&nbsp;<em>\u00ab&nbsp;En la m\u00fasica trobo la m\u00e9s alta ra\u00f3 de creure en la possibilitat de mantenir units els extrems m\u00e9s oposats, els m\u00e9s irreductibles i donar-los aquests marges de llibertat a fi i efecte de mostrar cada element en joc. \u00c9s aquest el gran ensenyament de la m\u00fasica&nbsp;\u00bb.<\/em><\/p>\n\n\n\n<p><mark style=\"background-color:rgba(0, 0, 0, 0)\" class=\"has-inline-color has-white-color\">.<\/mark><\/p>\n","protected":false},"excerpt":{"rendered":"<p>Quim Bonal,&nbsp;pianista Nascut a Barcelona Quim Bonal comen\u00e7a els seus estudis musicals a l\u2019escola L\u2019ARC de la mateixa ciutat. S\u2019inicia al piano amb M\u00aa Teresa Albiol i despr\u00e9s amb Albert Roman\u00ed amb el qual treballa la interpretaci\u00f3 d\u2019estils. M\u00e9s endavant coneix Eul\u00e0lia Sol\u00e9 i estudia&hellip;<\/p>\n","protected":false},"author":1,"featured_media":0,"parent":0,"menu_order":0,"comment_status":"closed","ping_status":"closed","template":"","meta":{"_mi_skip_tracking":false,"footnotes":""},"class_list":["post-108","page","type-page","status-publish","hentry"],"_links":{"self":[{"href":"https:\/\/quimbonal.art\/index.php\/wp-json\/wp\/v2\/pages\/108","targetHints":{"allow":["GET"]}}],"collection":[{"href":"https:\/\/quimbonal.art\/index.php\/wp-json\/wp\/v2\/pages"}],"about":[{"href":"https:\/\/quimbonal.art\/index.php\/wp-json\/wp\/v2\/types\/page"}],"author":[{"embeddable":true,"href":"https:\/\/quimbonal.art\/index.php\/wp-json\/wp\/v2\/users\/1"}],"replies":[{"embeddable":true,"href":"https:\/\/quimbonal.art\/index.php\/wp-json\/wp\/v2\/comments?post=108"}],"version-history":[{"count":12,"href":"https:\/\/quimbonal.art\/index.php\/wp-json\/wp\/v2\/pages\/108\/revisions"}],"predecessor-version":[{"id":355,"href":"https:\/\/quimbonal.art\/index.php\/wp-json\/wp\/v2\/pages\/108\/revisions\/355"}],"wp:attachment":[{"href":"https:\/\/quimbonal.art\/index.php\/wp-json\/wp\/v2\/media?parent=108"}],"curies":[{"name":"wp","href":"https:\/\/api.w.org\/{rel}","templated":true}]}}